{"id":426,"date":"2014-12-15T18:10:31","date_gmt":"2014-12-15T17:10:31","guid":{"rendered":"https:\/\/sunita-mitter.de\/?page_id=426"},"modified":"2016-02-14T10:47:35","modified_gmt":"2016-02-14T09:47:35","slug":"qms","status":"publish","type":"page","link":"https:\/\/sunita-mitter.de\/en\/company\/qms\/","title":{"rendered":"QMS"},"content":{"rendered":"<div class=\"entry-content clearfix\">\n<p>Our official ISO 9001: 2008 certification did end in May 2014. Our high demands on the quality of our service not.<\/p>\n<p>Still today, we are only satisfied when our customers are satisfied.\u00a0 Our processes are still following the principles which we have elaborated through the ISO 9001: 2008 Certification. And, of course, you can still adress subsidies from the European Social Fund.<\/p>\n<p>Therefore we use our strategic partnership with <a href=\"http:\/\/www.bwcon.de\/index.php?id=330&amp;L=3\" target=\"_blank\">Baden-W\u00fcrttemberg Connected<\/a> e.V. (bwcon).<\/p>\n<p>This strategic partnership has still the following advantages for our customers:<\/p>\n<ul>\n<li>We work with defined processes and procedural instructions<\/li>\n<li>This strategic partnership enables our customers to address subsidies from the <a title=\"Europ\u00e4ischer Sozialfonds\" href=\"http:\/\/www.esf.de\/portal\/generator\/8\/startseite.html\" target=\"_blank\">European Social Fund <\/a>(ESF)<\/li>\n<\/ul>\n<p>And engaged within the forum Gute F\u00fchrung and <a title=\"Offensive Mittelstand\" href=\"http:\/\/www.offensive-mittelstand.de\" target=\"_blank\">Offensive Mittelstand<\/a>.<\/p>\n<p>Quality is for us also at the top concerning horse assisted training. Therefore we have decided to follow the defined standards and the voluntary commitment of <strong>EQPferd \u2013 Qualit\u00e4t f\u00fcr pferdegest\u00fctzte Personalentwicklungsma\u00dfnahmen e. V.<\/strong>.<\/p>\n<p>This connection has following advantages for our customers:<\/p>\n<ul>\n<li>Ensure acknowledged competence of trainer and supplier<\/li>\n<li>Ensure a &#8220;protected training area&#8221;<\/li>\n<li>Comply the principles of the professional adult education and personnel development<\/li>\n<li>Ensure the didactical-educational competencies of trainer and supplier<\/li>\n<li>Ensure that the trainer and supplier works with health, balanced, well-mannered and reliable horses<\/li>\n<li>Ensure that the trainer and supplier have a specialized cividl liability insurance<\/li>\n<\/ul>\n<p>(Source: www.eqpferd.de\/standards.php)<\/p>\n<\/div>","protected":false},"excerpt":{"rendered":"<p>Our official ISO 9001: 2008 certification did end in May 2014. Our high demands on the quality of our service not. Still today, we are only satisfied when our customers are satisfied.\u00a0 Our processes are still following the principles which we have elaborated through the&hellip; <a class=\"read-more\" href=\"https:\/\/sunita-mitter.de\/en\/company\/qms\/\">Read more<\/a><\/p>\n","protected":false},"author":3,"featured_media":360,"parent":175,"menu_order":0,"comment_status":"closed","ping_status":"closed","template":"page-templates\/full-width.php","meta":{"_acf_changed":false,"footnotes":""},"class_list":["post-426","page","type-page","status-publish","has-post-thumbnail","hentry"],"acf":[],"_links":{"self":[{"href":"https:\/\/sunita-mitter.de\/en\/wp-json\/wp\/v2\/pages\/426","targetHints":{"allow":["GET"]}}],"collection":[{"href":"https:\/\/sunita-mitter.de\/en\/wp-json\/wp\/v2\/pages"}],"about":[{"href":"https:\/\/sunita-mitter.de\/en\/wp-json\/wp\/v2\/types\/page"}],"author":[{"embeddable":true,"href":"https:\/\/sunita-mitter.de\/en\/wp-json\/wp\/v2\/users\/3"}],"replies":[{"embeddable":true,"href":"https:\/\/sunita-mitter.de\/en\/wp-json\/wp\/v2\/comments?post=426"}],"version-history":[{"count":14,"href":"https:\/\/sunita-mitter.de\/en\/wp-json\/wp\/v2\/pages\/426\/revisions"}],"predecessor-version":[{"id":1264,"href":"https:\/\/sunita-mitter.de\/en\/wp-json\/wp\/v2\/pages\/426\/revisions\/1264"}],"up":[{"embeddable":true,"href":"https:\/\/sunita-mitter.de\/en\/wp-json\/wp\/v2\/pages\/175"}],"wp:featuredmedia":[{"embeddable":true,"href":"https:\/\/sunita-mitter.de\/en\/wp-json\/wp\/v2\/media\/360"}],"wp:attachment":[{"href":"https:\/\/sunita-mitter.de\/en\/wp-json\/wp\/v2\/media?parent=426"}],"curies":[{"name":"wp","href":"https:\/\/api.w.org\/{rel}","templated":true}]}}